{"id":430,"date":"2018-09-17T20:57:35","date_gmt":"2018-09-17T20:57:35","guid":{"rendered":"http:\/\/www.carmarthenbayferries.co.uk\/?page_id=430"},"modified":"2018-09-18T20:42:47","modified_gmt":"2018-09-18T20:42:47","slug":"y-cwch","status":"publish","type":"page","link":"https:\/\/www.carmarthenbayferries.co.uk\/cy\/amdanom-ni-2\/y-cwch\/","title":{"rendered":"Y Cwch"},"content":{"rendered":"<div id=\"pl-430\"  class=\"panel-layout\" ><div id=\"pg-430-0\"  class=\"panel-grid panel-no-style\" ><div id=\"pgc-430-0-0\"  class=\"panel-grid-cell\" ><div id=\"panel-430-0-0-0\" class=\"so-panel widget widget_sow-editor panel-first-child panel-last-child\" data-index=\"0\" ><div\n\t\t\t\n\t\t\tclass=\"so-widget-sow-editor so-widget-sow-editor-base\"\n\t\t\t\n\t\t><h3 class=\"widget-title\">Glansteffan, Y Cwch<\/h3>\n<div class=\"siteorigin-widget-tinymce textwidget\">\n\t<p>Mae fferi Llansteffan i Glanyfferi - 'Glansteffan' yn gwch alwminiwm, berfformiad uchel, sydd wedi'i osod \u00e2 System Galluogi Sealegs\u00ae Amffibiaidd sy'n ei alluogi i yrru allan o'r d\u0175r i'r tir.<\/p>\n<p>Ar y d\u0175r, mae'n cael ei yrru gan dau beiriant 115 o geffylau Yamaha - injanau pedwar str\u00f4c allyriadau isel. Yn gyfunol \u00e2 \"planing hull\", sy'n ei helpu i sgimio dros y d\u0175r yn hytrach na'i aredig drwyddo, gall yr injan grymu hi i gyflymder uchaf o 30 knot.<\/p>\n<p>Ar y tir, mae'r cwch yn cael ei yrru gan system Sealegs\u00ae. Mae hyn yn cynnwys tair olwyn sydd yn plygu i fyny fel olwynion awyren. Mae'r modur hydrolig wedi'u gosod gyda phob un o'r tri olwyn ac mae'r olwyn blaen yn ystwyth.<\/p>\n<p>Mae gan y cwch gyfarpar da iawn, gyda chwmpawd, mesurudd dyfnder, a plotydd siart GPS llawn a radio \"VHF Marine\". Mae diogelwch yn cael ei wella gan system trosglwyddo AIS (System Adnabod Awtomatig), a system PA y gellir ei ddefnyddio ar gyfer rhedeg sylwebaeth a chyhoeddiadau. Mae offer diogelwch arall yn cynnwys rafft bywyd, siacedi bywyd i bob teithiwr a cylchoedd bywyd.<\/p>\n<p>Mae seddi yn y cwch i 10 teithiwr, a hyd at 4 beic neu ddwy gadair olwyn. Darperir gwarchodydd rhag y tywydd gan ganopi cynfas wedi'i gynllunio'n dda, gyda phanelau golwg mawr.  Gellir ymestyn ochrau\u2019r canopi mewn tywydd da.<\/p>\n<p>Sylwer: ar hyn o bryd dim ond defnyddwyr cadeiriau olwyn gyda gofalwyr sy'n gallu eu cynorthwyo all ddod ar y cwch.<\/p>\n<\/div>\n<\/div><\/div><\/div><div id=\"pgc-430-0-1\"  class=\"panel-grid-cell\" ><div id=\"panel-430-0-1-0\" class=\"so-panel widget widget_sow-image panel-first-child panel-last-child\" data-index=\"1\" ><div\n\t\t\t\n\t\t\tclass=\"so-widget-sow-image so-widget-sow-image-default-dbf295114b96-430\"\n\t\t\t\n\t\t>\n<div class=\"sow-image-container\">\n\t\t<img \n\tsrc=\"https:\/\/www.carmarthenbayferries.co.uk\/wp-content\/uploads\/2018\/09\/Ferry-Cruising.jpg\" width=\"800\" height=\"1009\" srcset=\"https:\/\/www.carmarthenbayferries.co.uk\/wp-content\/uploads\/2018\/09\/Ferry-Cruising.jpg 800w, https:\/\/www.carmarthenbayferries.co.uk\/wp-content\/uploads\/2018\/09\/Ferry-Cruising-600x757.jpg 600w, https:\/\/www.carmarthenbayferries.co.uk\/wp-content\/uploads\/2018\/09\/Ferry-Cruising-238x300.jpg 238w, https:\/\/www.carmarthenbayferries.co.uk\/wp-content\/uploads\/2018\/09\/Ferry-Cruising-768x969.jpg 768w\" sizes=\"(max-width: 800px) 100vw, 800px\" alt=\"Glansteffan Ferry Cruising in Carmarthen Bay\" \t\tclass=\"so-widget-image\"\/>\n\t<\/div>\n\n<\/div><\/div><\/div><\/div><div id=\"pg-430-1\"  class=\"panel-grid panel-no-style\" ><div id=\"pgc-430-1-0\"  class=\"panel-grid-cell\" ><div id=\"panel-430-1-0-0\" class=\"so-panel widget widget_sow-image panel-first-child panel-last-child\" data-index=\"2\" ><div\n\t\t\t\n\t\t\tclass=\"so-widget-sow-image so-widget-sow-image-default-8b5b6f678277-430\"\n\t\t\t\n\t\t>\n<div class=\"sow-image-container\">\n\t\t<img \n\tsrc=\"https:\/\/www.carmarthenbayferries.co.uk\/wp-content\/uploads\/2018\/09\/Carmarthen-Bay-Ferry.jpg\" width=\"800\" height=\"621\" srcset=\"https:\/\/www.carmarthenbayferries.co.uk\/wp-content\/uploads\/2018\/09\/Carmarthen-Bay-Ferry.jpg 800w, https:\/\/www.carmarthenbayferries.co.uk\/wp-content\/uploads\/2018\/09\/Carmarthen-Bay-Ferry-600x466.jpg 600w, https:\/\/www.carmarthenbayferries.co.uk\/wp-content\/uploads\/2018\/09\/Carmarthen-Bay-Ferry-300x233.jpg 300w, https:\/\/www.carmarthenbayferries.co.uk\/wp-content\/uploads\/2018\/09\/Carmarthen-Bay-Ferry-768x596.jpg 768w\" sizes=\"(max-width: 800px) 100vw, 800px\" alt=\"Carmarthen Bay Ferry Engines\" \t\tclass=\"so-widget-image\"\/>\n\t<\/div>\n\n<\/div><\/div><\/div><div id=\"pgc-430-1-1\"  class=\"panel-grid-cell\" ><div id=\"panel-430-1-1-0\" class=\"so-panel widget widget_sow-editor panel-first-child panel-last-child\" data-index=\"3\" ><div class=\"panel-widget-style panel-widget-style-for-430-1-1-0\" ><div\n\t\t\t\n\t\t\tclass=\"so-widget-sow-editor so-widget-sow-editor-base\"\n\t\t\t\n\t\t>\n<div class=\"siteorigin-widget-tinymce textwidget\">\n\t<h3>Ystadegau<\/h3>\n<table>\n<tbody>\n<tr>\n<td width=\"262\">Had cragen<\/td>\n<td width=\"236\">8 metr<\/td>\n<\/tr>\n<tr>\n<td width=\"262\">Traw cragen<\/td>\n<td width=\"236\">3 metr<\/td>\n<\/tr>\n<tr>\n<td width=\"262\">Drafft<\/td>\n<td width=\"236\">0.5 metr<\/td>\n<\/tr>\n<tr>\n<td width=\"262\">Hyd yn cynnwys allfyrddau ac olwynion<\/td>\n<td width=\"236\">9 metr<\/td>\n<\/tr>\n<tr>\n<td width=\"262\">Pwysau (heb deithwyr)<\/td>\n<td width=\"236\">2540 cilogram<\/td>\n<\/tr>\n<tr>\n<td width=\"262\">Pwysau uchaf<\/td>\n<td width=\"236\">3500 cilogram<\/td>\n<\/tr>\n<tr>\n<td width=\"262\">Cyflymder uchaf ar dir<\/td>\n<td width=\"236\">8\u00a0cilometr yr awr<\/td>\n<\/tr>\n<tr>\n<td width=\"262\">Graddiant uchaf ar dir<\/td>\n<td width=\"236\">1 o bob 5<\/td>\n<\/tr>\n<tr>\n<td width=\"262\">Cyflymder uchaf ar dd\u0175r<\/td>\n<td width=\"236\">30 knot<\/td>\n<\/tr>\n<tr>\n<td width=\"262\">Cyflymder mordeithio ar dd\u0175r<\/td>\n<td width=\"236\">15 to 20 knot<\/td>\n<\/tr>\n<tr>\n<td width=\"262\">Ystod ar dd\u0175r<\/td>\n<td width=\"236\">100 milltiroedd m\u00f4r<\/td>\n<\/tr>\n<tr>\n<td width=\"262\">Gallu<\/td>\n<td width=\"236\">2 griw 10 teithiwr<\/td>\n<\/tr>\n<tr>\n<td width=\"262\">Beiciau \/ cadeiriau olwyn<\/td>\n<td width=\"236\">4 beic neu 2 gadair olwyn<\/td>\n<\/tr>\n<\/tbody>\n<\/table>\n<\/div>\n<\/div><\/div><\/div><\/div><\/div><div id=\"pg-430-2\"  class=\"panel-grid panel-no-style\" ><div id=\"pgc-430-2-0\"  class=\"panel-grid-cell\" ><div id=\"panel-430-2-0-0\" class=\"so-panel widget widget_sow-editor panel-first-child panel-last-child\" data-index=\"4\" ><div class=\"panel-widget-style panel-widget-style-for-430-2-0-0\" ><div\n\t\t\t\n\t\t\tclass=\"so-widget-sow-editor so-widget-sow-editor-base\"\n\t\t\t\n\t\t>\n<div class=\"siteorigin-widget-tinymce textwidget\">\n\t<h3 style=\"text-align: center;\"><span class=\"big-text\"><a href=\"http:\/\/cbferries.wpengine.com\/cy\/amserlen\/\">Amseroedd hwylio a gwirio prisiau tocynnau<\/a><\/span><\/h3>\n<\/div>\n<\/div><\/div><\/div><\/div><\/div><\/div>","protected":false},"excerpt":{"rendered":"<p>Mae fferi Llansteffan i Glanyfferi &#8211; &#8216;Glansteffan&#8217; yn gwch alwminiwm, berfformiad uchel, sydd wedi&#8217;i osod \u00e2 System Galluogi Sealegs\u00ae Amffibiaidd sy&#8217;n ei alluogi i yrru allan o&#8217;r d\u0175r i&#8217;r tir. Ar y d\u0175r, mae&#8217;n cael ei yrru gan dau beiriant 115 o geffylau Yamaha &#8211; injanau pedwar str\u00f4c allyriadau isel. Yn gyfunol \u00e2 &#8220;planing hull&#8221;, [&hellip;]<\/p>\n","protected":false},"author":4,"featured_media":0,"parent":419,"menu_order":0,"comment_status":"closed","ping_status":"closed","template":"","meta":{"_acf_changed":false,"footnotes":""},"class_list":["post-430","page","type-page","status-publish","hentry"],"acf":[],"jetpack_sharing_enabled":true,"_links":{"self":[{"href":"https:\/\/www.carmarthenbayferries.co.uk\/cy\/wp-json\/wp\/v2\/pages\/430","targetHints":{"allow":["GET"]}}],"collection":[{"href":"https:\/\/www.carmarthenbayferries.co.uk\/cy\/wp-json\/wp\/v2\/pages"}],"about":[{"href":"https:\/\/www.carmarthenbayferries.co.uk\/cy\/wp-json\/wp\/v2\/types\/page"}],"author":[{"embeddable":true,"href":"https:\/\/www.carmarthenbayferries.co.uk\/cy\/wp-json\/wp\/v2\/users\/4"}],"replies":[{"embeddable":true,"href":"https:\/\/www.carmarthenbayferries.co.uk\/cy\/wp-json\/wp\/v2\/comments?post=430"}],"version-history":[{"count":0,"href":"https:\/\/www.carmarthenbayferries.co.uk\/cy\/wp-json\/wp\/v2\/pages\/430\/revisions"}],"up":[{"embeddable":true,"href":"https:\/\/www.carmarthenbayferries.co.uk\/cy\/wp-json\/wp\/v2\/pages\/419"}],"wp:attachment":[{"href":"https:\/\/www.carmarthenbayferries.co.uk\/cy\/wp-json\/wp\/v2\/media?parent=430"}],"curies":[{"name":"wp","href":"https:\/\/api.w.org\/{rel}","templated":true}]}}