{"id":401,"date":"2016-10-12T10:44:00","date_gmt":"2016-10-12T10:44:00","guid":{"rendered":"http:\/\/www.carmarthenbayferries.co.uk\/cookies-and-privacy\/"},"modified":"2018-09-17T13:55:10","modified_gmt":"2018-09-17T13:55:10","slug":"cwcis-a-phreifatrwydd","status":"publish","type":"page","link":"https:\/\/www.carmarthenbayferries.co.uk\/cy\/cwcis-a-phreifatrwydd\/","title":{"rendered":"Cwcis a Phreifatrwydd"},"content":{"rendered":"<div id=\"pl-401\"  class=\"panel-layout\" ><div id=\"pg-401-0\"  class=\"panel-grid panel-no-style\" ><div id=\"pgc-401-0-0\"  class=\"panel-grid-cell\" ><div id=\"panel-401-0-0-0\" class=\"so-panel widget widget_sow-editor panel-first-child panel-last-child\" data-index=\"0\" ><div\n\t\t\t\n\t\t\tclass=\"so-widget-sow-editor so-widget-sow-editor-base\"\n\t\t\t\n\t\t>\n<div class=\"siteorigin-widget-tinymce textwidget\">\n\t<p>Mae'r polisi preifatrwydd hwn yn nodi sut mae Ffer\u00efau Bae Caerfyrddin yn defnyddio ac yn diogelu unrhyw wybodaeth y gallech ei hanfon atom pan fyddwch chi'n defnyddio'r wefan hon. Credwn fod eich preifatrwydd a'ch data yn bwysig ac rydym wedi ymrwymo i sicrhau bod eich preifatrwydd yn cael ei ddiogelu. Os ydych chi'n rhoi gwybodaeth y gallwch chi gael eich adnabod wrth ddefnyddio'r wefan hon, yna rydym yn addo y bydd ond yn cael ei ddefnyddio yn y modd yr ydym yn ei ddisgrifio yn y datganiad preifatrwydd hwn. Mae'r polisi'n nodi:<\/p>\n<ul>\n<li>Pa wybodaeth a gasglwn gennych chi<\/li>\n<li>Sut rydym yn ei gadw<\/li>\n<li>Pam yr ydym yn eu casglu<\/li>\n<li>Sut yr ydym yn ei ddefnyddio<\/li>\n<li>Eich hawliau<\/li>\n<\/ul>\n<h4>Pa wybodaeth yr ydym yn casglu?<\/h4>\n<p>Efallai y byddwn yn casglu a phrosesu'r data canlynol amdanoch chi:<\/p>\n<ul>\n<li>Gwybodaeth rydych chi'n ei darparu trwy lenwi ffurflenni ar ein gwefan http:\/\/www.carmarthenbayferries.com. Mae hyn yn cynnwys gwybodaeth y gallech ei ddarparu ar adeg cofrestru i ddefnyddio rhai elfennau o'n gwefan, tanysgrifio i wasanaethau, postio deunydd neu ofyn am wasanaethau pellach. Efallai y byddwn hefyd yn gofyn i chi am wybodaeth pan fyddwch chi'n cystadlu mewn cystadleuaeth neu ddyrchafiad a reolir gan Ffer\u00efau Bae Caerfyrddin CIC, neu pan fyddwch yn adrodd problem gyda'n gwefan;<\/li>\n<li>Os byddwch yn cysylltu \u00e2 ni, efallai y byddwn yn cadw cofnod o'r gohebiaeth honno;<\/li>\n<li>Efallai y byddwn hefyd yn gofyn i chi gwblhau arolygon yr ydym yn eu defnyddio at ddibenion ymchwil, er nad oes raid ichi ymateb iddynt;<\/li>\n<li>Gallwch fynd ar, a phori ar ein gwefan heb ddatgelu gwybodaeth bersonol. Rydym yn casglu gwybodaeth logio Rhyngrwyd safonol a manylion patrymau ymddygiad ymwelwyr i'n helpu i nodi pethau fel nifer yr ymwelwyr \u00e2 gwahanol rannau o'n gwefan. Rydym yn casglu'r wybodaeth hon mewn modd nad yw'n nodi unrhyw un.<\/li>\n<li>Cynnwys y negeseuon e-bost yr ydych wedi'u hanfon neu eu dderbyn.<\/li>\n<\/ul>\n<h4>Sut rydym yn ei cadw<\/h4>\n<p>Rydyn ni wedi ymrwymo i sicrhau bod eich gwybodaeth yn ddiogel. Er mwyn atal mynediad neu ddatgelu heb ganiat\u00e2d, rydym wedi rhoi gweithdrefnau corfforol, electronig a rheolaethol priodol ar waith i sicrhau a diogelu gwybodaeth a gasglwn ar-lein.<\/p>\n<p>Nid ydym yn storio manylion cerdyn credyd ac nid ydym yn rhannu manylion cwsmeriaid gydag unrhyw drydydd parti.<\/p>\n<p>Yn anffodus, nid yw trosglwyddo gwybodaeth drwy'r Rhyngrwyd yn gwbl ddiogel. Er y gwnawn ein gorau i ddiogelu eich data personol, ni allwn warantu diogelwch eich data a drosglwyddir i'n gwefan; mae unrhyw drosglwyddiad ar eich pen eich hun. Unwaith y byddwn wedi derbyn eich gwybodaeth, byddwn yn defnyddio gweithdrefnau llym a nodweddion diogelwch i geisio atal mynediad heb ganiat\u00e2d.<\/p>\n<h4>Pam ei casglu<\/h4>\n<p>Rydym yn defnyddio gwybodaeth a gedwir amdanoch chi yn y ffyrdd canlynol:<\/p>\n<ul>\n<li>I roi gwybodaeth, cynhyrchion neu wasanaethau i chi yr ydych yn gofyn amdanynt neu a theimlwn y gallem fod o ddiddordeb i chi (lle rydych chi wedi cydsynio i gysylltu \u00e2 nhw at y dibenion hynny<\/li>\n<li>I gyflawni ein rhwymedigaethau sy'n gysylltiedig ag unrhyw gontract a wneir rhyngoch chi a ni i sicrhau bod cynnwys o'n gwefan yn cael ei gyflwyno yn y modd mwyaf effeithiol i chi ac ar gyfer eich cyfrifiadur<\/li>\n<li>I wella ein gwefan<\/li>\n<\/ul>\n<p>Os nad ydych am i ni ddefnyddio eich data yn y ffyrdd hyn, cysylltwch \u00e2 ni.<\/p>\n<h4>Datgelu eich gwybodaeth<\/h4>\n<p>Rydyn ni'n rhannu eich data yn unig gyda phart\u00efon eraill lle bo hynny'n hollol angenrheidiol. Efallai y byddwn yn datgelu eich gwybodaeth i drydydd parti:<\/p>\n<ul>\n<li>Lle bo angen i gyflawni ein rhwymedigaethau sy'n gysylltiedig ag unrhyw gontract a roddwyd i chi rhyngoch chi a ni<\/li>\n<li>Er mwyn ein galluogi i ddarparu gwasanaethau cynnal a chadw, peirianneg neu datrys problemau i chi mewn cysylltiad \u00e2 nwyddau neu wasanaethau a gyflenwir i chi<\/li>\n<li>Os ydym o dan ddyletswydd i ddatgelu neu rannu eich data personol er mwyn cydymffurfio ag unrhyw rwymedigaeth gyfreithiol, neu er mwyn gorfodi neu weithredu ein telerau defnyddio neu delerau ac amodau cyflenwad a chytundebau eraill<\/li>\n<li>I amddiffyn hawliau, eiddo, neu ddiogelwch Ffer\u00efau Bae Caerfyrddin CIC, ein cwsmeriaid, neu eraill. Mae hyn yn cynnwys cyfnewid gwybodaeth gyda chwmn\u00efau a sefydliadau eraill at ddibenion diogelu twyll a lleihau risg credyd<\/li>\n<\/ul>\n<p>Ni fyddwn byth yn gwerthu, masnachu na rhentu eich gwybodaeth bersonol \u00e2 chwmn\u00efau eraill.<\/p>\n<h4>Eich hawliau<\/h4>\n<p>Mae gennych yr hawl i ofyn i ni beidio \u00e2 phrosesu eich data personol at ddibenion marchnata. Os nad ydych am i ni ddefnyddio eich data fel hyn, cysylltwch \u00e2 ni.<\/p>\n<p>Mae'r Ddeddf Diogelu Data yn rhoi'r hawl i chi gael gafael ar wybodaeth a gedwir amdanoch chi. Gallwch ddarganfod pa wybodaeth sydd gennym amdanoch chi trwy wneud Cais Mynediad Pwnc dan y Ddeddf. Os byddwn yn dal gwybodaeth bersonol amdanoch, byddwn yn rhoi disgrifiad ichi ohono, yn dweud wrthych pam ein bod yn ei ddal a gadewch i chi gael copi ohoni.<\/p>\n<p>Os yw unrhyw wybodaeth bersonol yr ydym yn ei ddal amdanoch yn anghywir neu os oes angen diweddaru, neu os ydych am i ni ddileu unrhyw wybodaeth bersonol, cysylltwch \u00e2 ni. Efallai y byddwn yn gofyn i chi ddarparu gwybodaeth ac adnabod pellach i'n galluogi i gydymffurfio \u00e2'r cais hwn.<\/p>\n<h4>Cysylltiadau trydydd parti ar ein gwefan<\/h4>\n<p>Gall ein gwefan gynnwys dolenni i wefannau ein partner, ein cwsmeriaid a thrydydd part\u00efon eraill. Os ydych chi'n dilyn dolen i unrhyw un o'r gwefannau hyn, cofiwch y bydd gan y gwefannau eu polis\u00efau preifatrwydd eu hunain ac nad ydym yn derbyn unrhyw gyfrifoldeb na rhwymedigaeth ar gyfer y polis\u00efau hyn.<\/p>\n<p>Gwiriwch y polis\u00efau hyn cyn i chi gyflwyno unrhyw ddata personol i'r gwefannau hyn.<\/p>\n<h4><strong>Derbyn ein polisi<\/strong><\/h4>\n<p>Drwy ddefnyddio'r wefan hon, rydych chi'n nodi eich bod yn derbyn ein polisi preifatrwydd. Os nad ydych chi'n cytuno \u00e2'r polisi hwn, peidiwch \u00e2 defnyddio'r wefan hon. Ystyrir eich bod yn parhau i ddefnyddio'r wefan yn dilyn postio newidiadau i'r polisi hwn eich bod yn derbyn y newidiadau hynny.<\/p>\n<p>Os oes gennych unrhyw gwestiynau am y Polisi Preifatrwydd hyn, arferion y wefan hon, neu eich bod yn ymwneud \u00e2'r wefan hon, cysylltwch \u00e2 ni.<\/p>\n<h4><strong>Sut rydym ni'n defnyddio cwcis<\/strong><\/h4>\n<p>Gall ein gwefan ddefnyddio \"cwcis\" i wella profiad y defnyddiwr. Mae porwyr gwe yn gosod cwcis ar eu disg galed at ddibenion cadw cofnodion ac erioed olrhain gwybodaeth am ddefnyddwyr. Gallwch ddewis gosod eich porwr gwe i wrthod cwcis, neu i'ch rhybuddio pan fyddwch chi'n anfon cwcis. Os gwnewch hyn, nodwch na fydd rhai rhannau o'n gwefan yn gweithio'n iawn.<\/p>\n<\/div>\n<\/div><\/div><\/div><\/div><\/div>","protected":false},"excerpt":{"rendered":"<p>Mae&#8217;r polisi preifatrwydd hwn yn nodi sut mae Ffer\u00efau Bae Caerfyrddin yn defnyddio ac yn diogelu unrhyw wybodaeth y gallech ei hanfon atom pan fyddwch chi&#8217;n defnyddio&#8217;r wefan hon. Credwn fod eich preifatrwydd a&#8217;ch data yn bwysig ac rydym wedi ymrwymo i sicrhau bod eich preifatrwydd yn cael ei ddiogelu. Os ydych chi&#8217;n rhoi gwybodaeth [&hellip;]<\/p>\n","protected":false},"author":3,"featured_media":0,"parent":0,"menu_order":0,"comment_status":"closed","ping_status":"closed","template":"","meta":{"_acf_changed":false,"footnotes":""},"class_list":["post-401","page","type-page","status-publish","hentry"],"acf":[],"jetpack_sharing_enabled":true,"_links":{"self":[{"href":"https:\/\/www.carmarthenbayferries.co.uk\/cy\/wp-json\/wp\/v2\/pages\/401","targetHints":{"allow":["GET"]}}],"collection":[{"href":"https:\/\/www.carmarthenbayferries.co.uk\/cy\/wp-json\/wp\/v2\/pages"}],"about":[{"href":"https:\/\/www.carmarthenbayferries.co.uk\/cy\/wp-json\/wp\/v2\/types\/page"}],"author":[{"embeddable":true,"href":"https:\/\/www.carmarthenbayferries.co.uk\/cy\/wp-json\/wp\/v2\/users\/3"}],"replies":[{"embeddable":true,"href":"https:\/\/www.carmarthenbayferries.co.uk\/cy\/wp-json\/wp\/v2\/comments?post=401"}],"version-history":[{"count":0,"href":"https:\/\/www.carmarthenbayferries.co.uk\/cy\/wp-json\/wp\/v2\/pages\/401\/revisions"}],"wp:attachment":[{"href":"https:\/\/www.carmarthenbayferries.co.uk\/cy\/wp-json\/wp\/v2\/media?parent=401"}],"curies":[{"name":"wp","href":"https:\/\/api.w.org\/{rel}","templated":true}]}}