{"id":459,"date":"2018-09-17T22:18:26","date_gmt":"2018-09-17T22:18:26","guid":{"rendered":"http:\/\/www.carmarthenbayferries.co.uk\/fferi\/ferryside\/"},"modified":"2018-09-18T16:39:35","modified_gmt":"2018-09-18T16:39:35","slug":"glan-y-fferi","status":"publish","type":"page","link":"http:\/\/www.carmarthenbayferries.co.uk\/cy\/fferi\/glan-y-fferi\/","title":{"rendered":"Glan Y Fferi"},"content":{"rendered":"<div id=\"pl-459\"  class=\"panel-layout\" ><div id=\"pg-459-0\"  class=\"panel-grid panel-no-style\" ><div id=\"pgc-459-0-0\"  class=\"panel-grid-cell\" ><div id=\"panel-459-0-0-0\" class=\"so-panel widget widget_sow-editor panel-first-child panel-last-child\" data-index=\"0\" ><div\n\t\t\t\n\t\t\tclass=\"so-widget-sow-editor so-widget-sow-editor-base\"\n\t\t\t\n\t\t>\n<div class=\"siteorigin-widget-tinymce textwidget\">\n\t<\/div>\n<\/div><\/div><\/div><\/div><div id=\"pg-459-1\"  class=\"panel-grid panel-no-style\" ><div id=\"pgc-459-1-0\"  class=\"panel-grid-cell\" ><div id=\"panel-459-1-0-0\" class=\"so-panel widget widget_sow-editor panel-first-child panel-last-child\" data-index=\"1\" ><div\n\t\t\t\n\t\t\tclass=\"so-widget-sow-editor so-widget-sow-editor-base\"\n\t\t\t\n\t\t><h3 class=\"widget-title\">Cwrdd a'r fferi<\/h3>\n<div class=\"siteorigin-widget-tinymce textwidget\">\n\t<p>Dylai gyrwyr fod yn ymwybodol bod prif faes parcio'r pentref yn y sgw\u00e2r yn aml yn llawn ac mae'r blaendraeth (ar draws y rheilffordd) ar gyfer parcio a\u2019i defnyddio gan aelodau Clwb Hwylio Afon Tywi yn unig.<\/p>\n<p>Anogir teithwyr fferi i ddefnyddio cludiant cyhoeddus lle bo modd.<\/p>\n<p>Mae gorsaf reilffordd yng Nglanyfferi ac mae'r bws 198 yn rhedeg rhwng Caerfyrddin, Cydweli a Llanelli. Hefyd mae'r pentref ar lwybr trafnidiaeth gynaliadwy (Sustrans4) sydd yn cysylltu \u00e2 llwybrau beicio cyfagos. Nid oes t\u00e2l am gario beic ar y fferi, sydd \u00e2 lle i bedwar.<\/p>\n<\/div>\n<\/div><\/div><\/div><div id=\"pgc-459-1-1\"  class=\"panel-grid-cell\" ><div id=\"panel-459-1-1-0\" class=\"so-panel widget widget_sow-google-map panel-first-child panel-last-child\" data-index=\"2\" ><div\n\t\t\t\n\t\t\tclass=\"so-widget-sow-google-map so-widget-sow-google-map-default-873fc5f91d14-459\"\n\t\t\t\n\t\t>\n<div class=\"sow-google-map-canvas\"\n\tstyle=\"\"\n\tid=\"map-canvas-69406c6bcb5336316bfba2b470d3d36c\"\n\tdata-options=\"{&quot;address&quot;:&quot;51.767920, -4.370845&quot;,&quot;zoom&quot;:15,&quot;mobileZoom&quot;:15,&quot;gestureHandling&quot;:&quot;cooperative&quot;,&quot;disableUi&quot;:false,&quot;markerIcon&quot;:false,&quot;markersDraggable&quot;:false,&quot;markerAtCenter&quot;:true,&quot;markerInfoDisplay&quot;:&quot;click&quot;,&quot;markerInfoMultiple&quot;:true,&quot;markerPositions&quot;:false,&quot;mapName&quot;:false,&quot;mapStyles&quot;:false,&quot;directions&quot;:&quot;&quot;,&quot;apiKey&quot;:&quot;AIzaSyDHBgDrnrhPQBIW7_5QGVxfwdcSEj_Ka9E&quot;,&quot;breakpoint&quot;:780,&quot;id&quot;:&quot;69e4ad&quot;}\"\n\tdata-fallback-image=\"{&quot;img&quot;:&quot;&quot;}\"><\/div>\n<\/div><\/div><\/div><\/div><div id=\"pg-459-2\"  class=\"panel-grid panel-no-style\" ><div id=\"pgc-459-2-0\"  class=\"panel-grid-cell\" ><div id=\"panel-459-2-0-0\" class=\"so-panel widget widget_sow-image panel-first-child panel-last-child\" data-index=\"3\" ><div\n\t\t\t\n\t\t\tclass=\"so-widget-sow-image so-widget-sow-image-default-8b5b6f678277-459\"\n\t\t\t\n\t\t>\n<div class=\"sow-image-container\">\n\t\t<img \n\tsrc=\"http:\/\/www.carmarthenbayferries.co.uk\/wp-content\/uploads\/2018\/09\/St.-Ishmaels-Church.jpg\" width=\"800\" height=\"571\" srcset=\"http:\/\/www.carmarthenbayferries.co.uk\/wp-content\/uploads\/2018\/09\/St.-Ishmaels-Church.jpg 800w, http:\/\/www.carmarthenbayferries.co.uk\/wp-content\/uploads\/2018\/09\/St.-Ishmaels-Church-600x428.jpg 600w, http:\/\/www.carmarthenbayferries.co.uk\/wp-content\/uploads\/2018\/09\/St.-Ishmaels-Church-300x214.jpg 300w, http:\/\/www.carmarthenbayferries.co.uk\/wp-content\/uploads\/2018\/09\/St.-Ishmaels-Church-768x548.jpg 768w\" sizes=\"(max-width: 800px) 100vw, 800px\" title=\"St. Ishmael&#8217;s Church\" alt=\"St Ishmael&#039;s Church near Ferryside\" \t\tclass=\"so-widget-image\"\/>\n\t<\/div>\n\n<\/div><\/div><\/div><div id=\"pgc-459-2-1\"  class=\"panel-grid-cell\" ><div id=\"panel-459-2-1-0\" class=\"so-panel widget widget_sow-editor panel-first-child panel-last-child\" data-index=\"4\" ><div\n\t\t\t\n\t\t\tclass=\"so-widget-sow-editor so-widget-sow-editor-base\"\n\t\t\t\n\t\t><h3 class=\"widget-title\">O amgylch Glanyfferi<\/h3>\n<div class=\"siteorigin-widget-tinymce textwidget\">\n\t<p>Mae gan bentref Glanyfferi y dafarn y White Lion a'r chaffi y Ferry Cabin. Ychydig ymhellach o'r traeth fe welwch chi gaffi \/ bwyty, Pryd O Fwyd, gyda gwesty'r Three Rivers ym mhen pellaf y pentref.<\/p>\n<p>O draeth Glanyfferi mae'n bosibl dilyn yr arfordir yn y naill gyfeiriad neu'r llall. I'r de mae pentref hynafol St Ishmael, y mae'r eglwys yn dal i sefyll yno. Collwyd y rhan fwyaf o'r pentref i'r m\u00f4r, ac mae'n weddillion i'w gweld ar lanw isel. I'r gogledd mae yn a dir cors sy'n gartref i lawer o adar a bywyd gwyllt.<\/p>\n<p>Yn hanesyddol roedd Glan-y-fferi yn bentref pysgota, ac er bod hyn wedi diflannu i raddau helaeth, mae casglu chocos a physgota gan rwyd seine traddodiadol dal yn fyw yn yr ardal.<\/p>\n<\/div>\n<\/div><\/div><\/div><\/div><\/div>","protected":false},"excerpt":{"rendered":"<p>Dylai gyrwyr fod yn ymwybodol bod prif faes parcio&#8217;r pentref yn y sgw\u00e2r yn aml yn llawn ac mae&#8217;r blaendraeth (ar draws y rheilffordd) ar gyfer parcio a\u2019i defnyddio gan aelodau Clwb Hwylio Afon Tywi yn unig. Anogir teithwyr fferi i ddefnyddio cludiant cyhoeddus lle bo modd. Mae gorsaf reilffordd yng Nglanyfferi ac mae&#8217;r bws [&hellip;]<\/p>\n","protected":false},"author":4,"featured_media":0,"parent":422,"menu_order":0,"comment_status":"closed","ping_status":"closed","template":"","meta":{"_acf_changed":false,"footnotes":""},"class_list":["post-459","page","type-page","status-publish","hentry"],"acf":[],"jetpack_sharing_enabled":true,"_links":{"self":[{"href":"http:\/\/www.carmarthenbayferries.co.uk\/cy\/wp-json\/wp\/v2\/pages\/459","targetHints":{"allow":["GET"]}}],"collection":[{"href":"http:\/\/www.carmarthenbayferries.co.uk\/cy\/wp-json\/wp\/v2\/pages"}],"about":[{"href":"http:\/\/www.carmarthenbayferries.co.uk\/cy\/wp-json\/wp\/v2\/types\/page"}],"author":[{"embeddable":true,"href":"http:\/\/www.carmarthenbayferries.co.uk\/cy\/wp-json\/wp\/v2\/users\/4"}],"replies":[{"embeddable":true,"href":"http:\/\/www.carmarthenbayferries.co.uk\/cy\/wp-json\/wp\/v2\/comments?post=459"}],"version-history":[{"count":0,"href":"http:\/\/www.carmarthenbayferries.co.uk\/cy\/wp-json\/wp\/v2\/pages\/459\/revisions"}],"up":[{"embeddable":true,"href":"http:\/\/www.carmarthenbayferries.co.uk\/cy\/wp-json\/wp\/v2\/pages\/422"}],"wp:attachment":[{"href":"http:\/\/www.carmarthenbayferries.co.uk\/cy\/wp-json\/wp\/v2\/media?parent=459"}],"curies":[{"name":"wp","href":"https:\/\/api.w.org\/{rel}","templated":true}]}}